{"id":1802,"date":"2017-10-27T19:09:14","date_gmt":"2017-10-27T17:09:14","guid":{"rendered":"http:\/\/haroldnoben.com\/wordpress\/?page_id=1802"},"modified":"2026-04-08T10:51:59","modified_gmt":"2026-04-08T08:51:59","slug":"about-example-2","status":"publish","type":"page","link":"http:\/\/haroldnoben.com\/wordpress\/about-example-2\/","title":{"rendered":"Highlights"},"content":{"rendered":"\t\t<div data-elementor-type=\"wp-post\" data-elementor-id=\"1802\" class=\"elementor elementor-1802\">\n\t\t\t\t\t\t<section class=\"elementor-section elementor-top-section elementor-element elementor-element-e2a641d elementor-section-stretched elementor-section-height-min-height animated-slow elementor-section-boxed elementor-section-height-default elementor-section-items-middle elementor-invisible\" data-id=\"e2a641d\" data-element_type=\"section\" data-e-type=\"section\" data-settings=\"{&quot;stretch_section&quot;:&quot;section-stretched&quot;,&quot;background_background&quot;:&quot;classic&quot;,&quot;animation&quot;:&quot;fadeIn&quot;}\">\n\t\t\t\t\t\t<div class=\"elementor-container elementor-column-gap-default\">\n\t\t\t\t\t<div class=\"elementor-column elementor-col-100 elementor-top-column elementor-element elementor-element-4abaacb\" data-id=\"4abaacb\" data-element_type=\"column\" data-e-type=\"column\">\n\t\t\t<div class=\"elementor-widget-wrap elementor-element-populated\">\n\t\t\t\t\t\t<div class=\"elementor-element elementor-element-b8f9c19 animated-slow elementor-invisible elementor-widget elementor-widget-heading\" data-id=\"b8f9c19\" data-element_type=\"widget\" data-e-type=\"widget\" data-settings=\"{&quot;_animation&quot;:&quot;fadeInUp&quot;,&quot;_animation_delay&quot;:300}\" data-widget_type=\"heading.default\">\n\t\t\t\t<div class=\"elementor-widget-container\">\n\t\t\t\t\t<h1 class=\"elementor-heading-title elementor-size-default\">Harold Noben - Highlights<\/h1>\t\t\t\t<\/div>\n\t\t\t\t<\/div>\n\t\t\t\t\t<\/div>\n\t\t<\/div>\n\t\t\t\t\t<\/div>\n\t\t<\/section>\n\t\t\t\t<section class=\"elementor-section elementor-top-section elementor-element elementor-element-c13becd elementor-section-boxed elementor-section-height-default elementor-section-height-default\" data-id=\"c13becd\" data-element_type=\"section\" data-e-type=\"section\" data-settings=\"{&quot;background_background&quot;:&quot;classic&quot;}\">\n\t\t\t\t\t\t<div class=\"elementor-container elementor-column-gap-default\">\n\t\t\t\t\t<div class=\"elementor-column elementor-col-100 elementor-top-column elementor-element elementor-element-14db15f\" data-id=\"14db15f\" data-element_type=\"column\" data-e-type=\"column\">\n\t\t\t<div class=\"elementor-widget-wrap elementor-element-populated\">\n\t\t\t\t\t\t<div class=\"elementor-element elementor-element-3bc1eec elementor-widget elementor-widget-heading\" data-id=\"3bc1eec\" data-element_type=\"widget\" data-e-type=\"widget\" data-widget_type=\"heading.default\">\n\t\t\t\t<div class=\"elementor-widget-container\">\n\t\t\t\t\t<h2 class=\"elementor-heading-title elementor-size-default\">Highlights<\/h2>\t\t\t\t<\/div>\n\t\t\t\t<\/div>\n\t\t\t\t<div class=\"elementor-element elementor-element-4be9e67 elementor-widget elementor-widget-text-editor\" data-id=\"4be9e67\" data-element_type=\"widget\" data-e-type=\"widget\" data-widget_type=\"text-editor.default\">\n\t\t\t\t<div class=\"elementor-widget-container\">\n\t\t\t\t\t\t\t\t\t<ul><li>2026 :\u00a0 cr\u00e9ation le 4 juin de <strong><em>Reflections<\/em><\/strong> pour soprano et quatuor \u00e0 clavier (vn, al, vc, pn) sur des textes de Lisa Willems. Commande de Lisa Willems et la Chapelle Reine Elisabeth<\/li><li>2026 : Cr\u00e9ation de <strong><em>Caffeine<\/em><\/strong> pour violoncelle et piano ; commande du Queen Elisabeth Music Competition pour les demi-finales de la session violoncelle 2026\u00a0<\/li><li>2025 : Yokai pour violon, piano et narrateur, commande d&rsquo;Amia Janicki, enregistrement (cr\u00e9ation \u00e0 venir en 2026-2027)<\/li><li><span style=\"color: #585f67;\"><span style=\"caret-color: #585f67;\">Avril 2025, <strong><em>Bovary<\/em><\/strong>\u00a0, commande de la Monnaie, cr\u00e9ation au Th\u00e9\u00e2tre National de Bruxelles, sur un livret de Micha\u00ebl De Cock ; avec Ana Naque, soprano, Oleg Volkov, baryton basse ; Blandine Coulon, mezzo-soprano, le choeur et l&rsquo;orchestre du Th\u00e9\u00e2tre Royal de la Monnaie sous la direction de D\u00e9bora Waldman, \u00a0coproduction de La Monnaie, du Th\u00e9\u00e2tre National, du KVS (Th\u00e9\u00e2tre Royal flamand) et du Teatro de Catalunya \u00e0 Barcelone.<\/span><\/span><\/li><li><span style=\"color: #585f67;\"><span style=\"caret-color: #585f67;\">2024\u00a0 : Prix de la R\u00e9sidence de composition \u00e0 la Fondation des Treilles.<\/span><\/span><\/li><li><span style=\"color: #585f67;\"><span style=\"caret-color: #585f67;\">2023<i> : The untitled quartet\u00a0\u00a0<\/i>pour clarinette, violon, violoncelle et piano, commande du Roeland Hendrikx ensemble.<\/span><\/span><\/li><li><span style=\"color: #585f67;\"><span style=\"caret-color: #585f67;\">2023 : <i>Quartet from the Portuguese<\/i> pour quatuor \u00e0 cordes sort sur le disque <i>Neuer Fr\u00fchling <\/i>paru sur le label Soond et enregistr\u00e9 par le quatuor Am\u00f4n, (avec \u00e9galement des oeuvres pour soprano et quatuor de Beno\u00eet Mernier et Robert Schumann, avec Clara Inglese au chant)<\/span><\/span><\/li><li><span style=\"color: #585f67;\"><span style=\"caret-color: #585f67;\">Janvier 2023 : Cr\u00e9ation de <i>Sous les \u00e9toiles de Ga\u00efa<\/i> pour sextuor \u00e0 cordes &#8211; commande de la Chapelle Musicale Reine Elisabeth. Avec Kerson Leong<\/span><\/span><\/li><li><span style=\"color: #585f67;\"><span style=\"caret-color: #585f67;\">2022-2023 : accompagnement de lecture spectacle au c\u00f4t\u00e9 de Christian Crahay.\u00a0<\/span><\/span><\/li><li><span style=\"color: #585f67;\"><span style=\"caret-color: #585f67;\">Septembre 2022 : Cr\u00e9ation de <i>Beyond <\/i>pour orchestre symphonique &#8211; commande de la Monnaie &#8211; Orchestre symphonique de la Monnaie &#8211; Alain Altinoglu<\/span><\/span><\/li><li><span style=\"color: #585f67;\">\u00a0<i>Apesar de Voc\u00ea<\/i> &#8211; cr\u00e9ation et sortie du disque <i>Change<\/i>\u00a0d&rsquo;Elsa de Lacerda et Pierre Solot<\/span><\/li><li><span style=\"color: #585f67;\">Juin 2022 : <i>American Wanders : One with Henry, One with Paul, One with Lenny<\/i>, commande d&rsquo;\u00d4-Celli sort sur leur disque <i>\u00d4-Celli in America<\/i><\/span><\/li><li><span style=\"color: #585f67;\">Commandes et cr\u00e9ations de divers oeuvre par divers \u00a0ensembles tels que \u00a0\u00d4-Celli, le Quatuor Am\u00f4n, ensemble Musiques Nouvelles, duo Stasyk, Sturm und Klang, Orchestre de chambre de Li\u00e8ge, &#8230;<\/span><\/li><li><span style=\"color: #585f67;\"><span style=\"caret-color: #585f67;\">Octobre 2020 : Cr\u00e9ation de <i>\u00c0 l&rsquo;extr\u00eame bord du monde<\/i>, \u00a0au th\u00e9\u00e2tre royal de la Monnaie. Op\u00e9ra de chambre pour mezzo-soprano, t\u00e9nor et quatuor \u00e0 clavier sur la fin de vie de Stefan Zweig et sa femme Lotte. Coproduction Chapelle Musical Reine Elisabeth et la Monnaie. Mise sc\u00e8ne : Mien Bogaert. Lila Hajosi, Valentin Thill, Quatuor Aurora.<\/span><\/span><\/li><li><span style=\"color: #585f67;\"><span style=\"caret-color: #585f67;\">2018-2020 : R\u00e9sidence de composition \u00e0 la Chapelle Musicale Reine Elisabeth sous la supervision de Beno\u00eet Mernier<\/span><\/span><\/li><li><span style=\"color: #585f67;\"><span style=\"caret-color: #585f67;\">Janvier 2018 : cr\u00e9ation de <i>White House 1921<\/i> pour orchestre symphonique &#8211; commande l&rsquo;OPRL &#8211; Orchestre philharmonique royal de Li\u00e8ge &#8211; Christian Arming<\/span><\/span><\/li><li><span style=\"color: #585f67;\"><span style=\"caret-color: #585f67;\">2016 : Arrangements pour les 12 violoncellistes du Berliner Philharmoniker d&rsquo;oeuvres de Piazzolla paru sur leur disque <i>Hora Cero<\/i> (Sony)<\/span><\/span><\/li><li><span style=\"color: #585f67;\"><span style=\"caret-color: #585f67;\">\u00a02005-2012 : Trio Cardamome avec Chikako Hosoda et S\u00e9bastien Walnier. Compositions originales d&rsquo;Harold Noben. Album <i>Calligraphie<\/i> paru chez homerecords.be en 2009<\/span><\/span><\/li><li><span style=\"color: #585f67;\"><span style=\"caret-color: #585f67;\">R\u00e9citals et musique de chambre en collaboration avec le duo Octocorde, Nadia Jradia, Jean-Marc Onkelinx, &#8230;\u00a0<\/span><\/span><\/li><li><span style=\"color: #585f67;\"><span style=\"caret-color: #585f67;\">Musiques pour l&rsquo;image : <i>Kampuchea<\/i> (Chlo\u00e9 Th\u00f4me et Vincent Henkens) ; \u00a0<i>Andr\u00e9 Renard, trois moments d&rsquo;un parcours syndical<\/i> (J\u00e9r\u00f4me Laffont), <i>For\u00eat noire<\/i> (Martin Cosme), <i>Amoureuses <\/i>(Catherine Cosme), publicit\u00e9 Delvaux, &#8230;\u00a0<\/span><\/span><\/li><li><span style=\"color: #585f67;\"><span style=\"caret-color: #585f67;\">Etudes de piano au Conservatoire Royal de Li\u00e8ge (Jean Schils et Marie-Paule Cornia) &#8211; Dipl\u00f4me sup\u00e9rieur en 2005<\/span><\/span><\/li><li><span style=\"color: #585f67;\"><span style=\"caret-color: #585f67;\">Etudes \u00e0 l&rsquo;acad\u00e9mie de Ch\u00ean\u00e9e (Philippe Preudhomme) &#8211; finalit\u00e9 en 1998<\/span><\/span><\/li><\/ul>\t\t\t\t\t\t\t\t<\/div>\n\t\t\t\t<\/div>\n\t\t\t\t\t<\/div>\n\t\t<\/div>\n\t\t\t\t\t<\/div>\n\t\t<\/section>\n\t\t\t\t<section class=\"elementor-section elementor-top-section elementor-element elementor-element-83bd619 elementor-section-boxed elementor-section-height-default elementor-section-height-default\" data-id=\"83bd619\" data-element_type=\"section\" data-e-type=\"section\">\n\t\t\t\t\t\t<div class=\"elementor-container elementor-column-gap-default\">\n\t\t\t\t\t<div class=\"elementor-column elementor-col-100 elementor-top-column elementor-element elementor-element-b6fa622\" data-id=\"b6fa622\" data-element_type=\"column\" data-e-type=\"column\">\n\t\t\t<div class=\"elementor-widget-wrap elementor-element-populated\">\n\t\t\t\t\t\t<div class=\"elementor-element elementor-element-24021c4 elementor-widget elementor-widget-image\" data-id=\"24021c4\" data-element_type=\"widget\" data-e-type=\"widget\" data-widget_type=\"image.default\">\n\t\t\t\t<div class=\"elementor-widget-container\">\n\t\t\t\t\t\t\t\t\t\t\t\t\t\t\t<img fetchpriority=\"high\" decoding=\"async\" width=\"1024\" height=\"683\" src=\"http:\/\/haroldnoben.com\/wordpress\/wp-content\/uploads\/2022\/12\/2017-10-12-Photos-site-16-1024x683.jpg\" class=\"attachment-large size-large wp-image-6302\" alt=\"\" srcset=\"http:\/\/haroldnoben.com\/wordpress\/wp-content\/uploads\/2022\/12\/2017-10-12-Photos-site-16-1024x683.jpg 1024w, http:\/\/haroldnoben.com\/wordpress\/wp-content\/uploads\/2022\/12\/2017-10-12-Photos-site-16-559x373.jpg 559w, http:\/\/haroldnoben.com\/wordpress\/wp-content\/uploads\/2022\/12\/2017-10-12-Photos-site-16-768x512.jpg 768w, http:\/\/haroldnoben.com\/wordpress\/wp-content\/uploads\/2022\/12\/2017-10-12-Photos-site-16-1536x1024.jpg 1536w, http:\/\/haroldnoben.com\/wordpress\/wp-content\/uploads\/2022\/12\/2017-10-12-Photos-site-16-2048x1365.jpg 2048w\" sizes=\"(max-width: 1024px) 100vw, 1024px\" \/>\t\t\t\t\t\t\t\t\t\t\t\t\t\t\t<\/div>\n\t\t\t\t<\/div>\n\t\t\t\t\t<\/div>\n\t\t<\/div>\n\t\t\t\t\t<\/div>\n\t\t<\/section>\n\t\t\t\t<\/div>\n\t\t","protected":false},"excerpt":{"rendered":"<p>Harold Noben &#8211; Highlights Highlights 2026 :\u00a0 cr\u00e9ation le 4 juin de Reflections pour soprano et quatuor \u00e0 clavier (vn, [&hellip;]<\/p>\n","protected":false},"author":2,"featured_media":0,"parent":0,"menu_order":8,"comment_status":"closed","ping_status":"closed","template":"","meta":{"footnotes":""},"class_list":["post-1802","page","type-page","status-publish","hentry"],"acf":[],"_links":{"self":[{"href":"http:\/\/haroldnoben.com\/wordpress\/wp-json\/wp\/v2\/pages\/1802","targetHints":{"allow":["GET"]}}],"collection":[{"href":"http:\/\/haroldnoben.com\/wordpress\/wp-json\/wp\/v2\/pages"}],"about":[{"href":"http:\/\/haroldnoben.com\/wordpress\/wp-json\/wp\/v2\/types\/page"}],"author":[{"embeddable":true,"href":"http:\/\/haroldnoben.com\/wordpress\/wp-json\/wp\/v2\/users\/2"}],"replies":[{"embeddable":true,"href":"http:\/\/haroldnoben.com\/wordpress\/wp-json\/wp\/v2\/comments?post=1802"}],"version-history":[{"count":35,"href":"http:\/\/haroldnoben.com\/wordpress\/wp-json\/wp\/v2\/pages\/1802\/revisions"}],"predecessor-version":[{"id":13467,"href":"http:\/\/haroldnoben.com\/wordpress\/wp-json\/wp\/v2\/pages\/1802\/revisions\/13467"}],"wp:attachment":[{"href":"http:\/\/haroldnoben.com\/wordpress\/wp-json\/wp\/v2\/media?parent=1802"}],"curies":[{"name":"wp","href":"https:\/\/api.w.org\/{rel}","templated":true}]}}