{"id":1767,"date":"2017-10-27T16:01:22","date_gmt":"2017-10-27T16:01:22","guid":{"rendered":"http:\/\/haroldnoben.com\/wordpress\/?page_id=1767"},"modified":"2026-04-08T10:43:48","modified_gmt":"2026-04-08T08:43:48","slug":"about-example-1","status":"publish","type":"page","link":"http:\/\/haroldnoben.com\/wordpress\/about-example-1\/","title":{"rendered":"Catalogue"},"content":{"rendered":"\t\t<div data-elementor-type=\"wp-post\" data-elementor-id=\"1767\" class=\"elementor elementor-1767\">\n\t\t\t\t\t\t<section class=\"elementor-section elementor-top-section elementor-element elementor-element-23f45a6 elementor-section-boxed elementor-section-height-default elementor-section-height-default\" data-id=\"23f45a6\" data-element_type=\"section\" data-e-type=\"section\">\n\t\t\t\t\t\t<div class=\"elementor-container elementor-column-gap-default\">\n\t\t\t\t\t<div class=\"elementor-column elementor-col-100 elementor-top-column elementor-element elementor-element-333b9fe\" data-id=\"333b9fe\" data-element_type=\"column\" data-e-type=\"column\">\n\t\t\t<div class=\"elementor-widget-wrap elementor-element-populated\">\n\t\t\t\t\t\t<div class=\"elementor-element elementor-element-6e68456 elementor-invisible elementor-widget elementor-widget-heading\" data-id=\"6e68456\" data-element_type=\"widget\" data-e-type=\"widget\" data-settings=\"{&quot;_animation&quot;:&quot;fadeInUp&quot;,&quot;_animation_delay&quot;:300}\" data-widget_type=\"heading.default\">\n\t\t\t\t<div class=\"elementor-widget-container\">\n\t\t\t\t\t<h1 class=\"elementor-heading-title elementor-size-default\">Harold Noben<\/h1>\t\t\t\t<\/div>\n\t\t\t\t<\/div>\n\t\t\t\t<div class=\"elementor-element elementor-element-8f62c50 elementor-invisible elementor-widget elementor-widget-heading\" data-id=\"8f62c50\" data-element_type=\"widget\" data-e-type=\"widget\" data-settings=\"{&quot;_animation&quot;:&quot;fadeInUp&quot;,&quot;_animation_delay&quot;:600}\" data-widget_type=\"heading.default\">\n\t\t\t\t<div class=\"elementor-widget-container\">\n\t\t\t\t\t<h2 class=\"elementor-heading-title elementor-size-default\">Catalogue<\/h2>\t\t\t\t<\/div>\n\t\t\t\t<\/div>\n\t\t\t\t<div class=\"elementor-element elementor-element-0332ddc elementor-widget-divider--view-line elementor-invisible elementor-widget elementor-widget-divider\" data-id=\"0332ddc\" data-element_type=\"widget\" data-e-type=\"widget\" data-settings=\"{&quot;_animation&quot;:&quot;fadeInUp&quot;,&quot;_animation_delay&quot;:900}\" data-widget_type=\"divider.default\">\n\t\t\t\t<div class=\"elementor-widget-container\">\n\t\t\t\t\t\t\t<div class=\"elementor-divider\">\n\t\t\t<span class=\"elementor-divider-separator\">\n\t\t\t\t\t\t<\/span>\n\t\t<\/div>\n\t\t\t\t\t\t<\/div>\n\t\t\t\t<\/div>\n\t\t\t\t\t<\/div>\n\t\t<\/div>\n\t\t\t\t\t<\/div>\n\t\t<\/section>\n\t\t\t\t<section class=\"elementor-section elementor-top-section elementor-element elementor-element-2e8e169 elementor-section-stretched elementor-section-full_width elementor-section-height-default elementor-section-height-default\" data-id=\"2e8e169\" data-element_type=\"section\" data-e-type=\"section\" data-settings=\"{&quot;stretch_section&quot;:&quot;section-stretched&quot;}\">\n\t\t\t\t\t\t<div class=\"elementor-container elementor-column-gap-default\">\n\t\t\t\t\t<div class=\"elementor-column elementor-col-100 elementor-top-column elementor-element elementor-element-ffd205d\" data-id=\"ffd205d\" data-element_type=\"column\" data-e-type=\"column\">\n\t\t\t<div class=\"elementor-widget-wrap elementor-element-populated\">\n\t\t\t\t\t\t<div class=\"elementor-element elementor-element-10d2763 elementor-widget__width-inherit elementor-invisible elementor-widget elementor-widget-image\" data-id=\"10d2763\" data-element_type=\"widget\" data-e-type=\"widget\" data-settings=\"{&quot;_animation&quot;:&quot;fadeIn&quot;,&quot;_animation_delay&quot;:1200}\" data-widget_type=\"image.default\">\n\t\t\t\t<div class=\"elementor-widget-container\">\n\t\t\t\t\t\t\t\t\t\t\t\t<figure class=\"wp-caption\">\n\t\t\t\t\t\t\t\t\t\t<img fetchpriority=\"high\" decoding=\"async\" width=\"1200\" height=\"960\" src=\"http:\/\/haroldnoben.com\/wordpress\/wp-content\/uploads\/2022\/12\/10845607_1002085853153933_7470233610359241657_o.jpg\" class=\"elementor-animation-grow attachment-full size-full wp-image-6460\" alt=\"\" srcset=\"http:\/\/haroldnoben.com\/wordpress\/wp-content\/uploads\/2022\/12\/10845607_1002085853153933_7470233610359241657_o.jpg 1200w, http:\/\/haroldnoben.com\/wordpress\/wp-content\/uploads\/2022\/12\/10845607_1002085853153933_7470233610359241657_o-559x447.jpg 559w, http:\/\/haroldnoben.com\/wordpress\/wp-content\/uploads\/2022\/12\/10845607_1002085853153933_7470233610359241657_o-1024x819.jpg 1024w, http:\/\/haroldnoben.com\/wordpress\/wp-content\/uploads\/2022\/12\/10845607_1002085853153933_7470233610359241657_o-768x614.jpg 768w\" sizes=\"(max-width: 1200px) 100vw, 1200px\" \/>\t\t\t\t\t\t\t\t\t\t\t<figcaption class=\"widget-image-caption wp-caption-text\">\u00a9Christophe Toffolo<\/figcaption>\n\t\t\t\t\t\t\t\t\t\t<\/figure>\n\t\t\t\t\t\t\t\t\t<\/div>\n\t\t\t\t<\/div>\n\t\t\t\t\t<\/div>\n\t\t<\/div>\n\t\t\t\t\t<\/div>\n\t\t<\/section>\n\t\t\t\t<section class=\"elementor-section elementor-top-section elementor-element elementor-element-63196a1 elementor-section-boxed elementor-section-height-default elementor-section-height-default\" data-id=\"63196a1\" data-element_type=\"section\" data-e-type=\"section\">\n\t\t\t\t\t\t<div class=\"elementor-container elementor-column-gap-default\">\n\t\t\t\t\t<div class=\"elementor-column elementor-col-100 elementor-top-column elementor-element elementor-element-b78089d\" data-id=\"b78089d\" data-element_type=\"column\" data-e-type=\"column\">\n\t\t\t<div class=\"elementor-widget-wrap elementor-element-populated\">\n\t\t\t\t\t\t<div class=\"elementor-element elementor-element-903c149 elementor-invisible elementor-widget elementor-widget-heading\" data-id=\"903c149\" data-element_type=\"widget\" data-e-type=\"widget\" data-settings=\"{&quot;_animation&quot;:&quot;fadeInUp&quot;}\" data-widget_type=\"heading.default\">\n\t\t\t\t<div class=\"elementor-widget-container\">\n\t\t\t\t\t<h3 class=\"elementor-heading-title elementor-size-default\">Catalogue<\/h3>\t\t\t\t<\/div>\n\t\t\t\t<\/div>\n\t\t\t\t\t<\/div>\n\t\t<\/div>\n\t\t\t\t\t<\/div>\n\t\t<\/section>\n\t\t\t\t<section class=\"elementor-section elementor-top-section elementor-element elementor-element-ba7a213 elementor-section-boxed elementor-section-height-default elementor-section-height-default\" data-id=\"ba7a213\" data-element_type=\"section\" data-e-type=\"section\">\n\t\t\t\t\t\t<div class=\"elementor-container elementor-column-gap-default\">\n\t\t\t\t\t<div class=\"elementor-column elementor-col-100 elementor-top-column elementor-element elementor-element-2d47762\" data-id=\"2d47762\" data-element_type=\"column\" data-e-type=\"column\">\n\t\t\t<div class=\"elementor-widget-wrap elementor-element-populated\">\n\t\t\t\t\t\t<section class=\"elementor-section elementor-inner-section elementor-element elementor-element-9cfd66f elementor-section-boxed elementor-section-height-default elementor-section-height-default\" data-id=\"9cfd66f\" data-element_type=\"section\" data-e-type=\"section\">\n\t\t\t\t\t\t<div class=\"elementor-container elementor-column-gap-wide\">\n\t\t\t\t\t<div class=\"elementor-column elementor-col-100 elementor-inner-column elementor-element elementor-element-911cbfa\" data-id=\"911cbfa\" data-element_type=\"column\" data-e-type=\"column\">\n\t\t\t<div class=\"elementor-widget-wrap elementor-element-populated\">\n\t\t\t\t\t\t<div class=\"elementor-element elementor-element-020a2d4 elementor-drop-cap-yes elementor-drop-cap-view-framed elementor-invisible elementor-widget elementor-widget-text-editor\" data-id=\"020a2d4\" data-element_type=\"widget\" data-e-type=\"widget\" data-settings=\"{&quot;drop_cap&quot;:&quot;yes&quot;,&quot;_animation&quot;:&quot;fadeInUp&quot;}\" data-widget_type=\"text-editor.default\">\n\t\t\t\t<div class=\"elementor-widget-container\">\n\t\t\t\t\t\t\t\t\t<ul><li><em>Reflections &#8211;\u00a0<\/em>pour soprano, violon, alto, violoncelle et piano sur des textes de Lisa Willems (2026)<\/li><li><em>Caffeine &#8211;\u00a0<\/em>pour Violoncelle et piano (2025)<\/li><li><em>Yokai &#8211; <\/em>pour violon, piano et narrateur (2025)<\/li><li><span style=\"color: #585f67;\"><i>Bovary &#8211;\u00a0<\/i>Op\u00e9ra pour soprano, baryton basse, mezzo soprano, choeur et orchestre en deux actes sur un livret de Michael De Cock (2024).\u00a0<\/span><\/li><li><span style=\"color: #585f67;\"><i>Sous les \u00e9toiles de Ga\u00efa<\/i> &#8211; pour sextuor \u00e0 cordes (2022)<\/span><\/li><li><span style=\"color: #585f67;\"><span style=\"caret-color: #585f67;\"><i>Beyond<\/i> &#8211; pour orchestre symphonique (2022)<\/span><\/span><\/li><li><span style=\"color: #585f67;\"><span style=\"caret-color: #585f67;\"><i>60 sec&#8230; s&rsquo;il y en a plus je vous les mets ?<\/i> &#8211; pour ensemble de chambre (fl-cl-trb-gt-pn-perc-2-2-2-2-1)<\/span><\/span><\/li><li><a href=\"http:\/\/haroldnoben.com\/wordpress\/music-list\/\"><span style=\"color: #585f67;\"><span style=\"caret-color: #585f67;\"><i>Seven Years After..<\/i>. &#8211;\u00a0<\/span><\/span><span style=\"caret-color: #585f67; color: #585f67;\">pour ensemble de chambre (fl-cl-trb-vl-alt-v-gt-pn-perc)<\/span><\/a><\/li><li><span style=\"color: #585f67;\"><span style=\"caret-color: #585f67;\"><a href=\"http:\/\/haroldnoben.com\/wordpress\/music-list\/\"><i>Apesar de Voc\u00ea<\/i> &#8211; inspir\u00e9 d&rsquo;Apesar de Voc\u00ea de Chico Buarque &#8211; pour violon et piano (2021)<\/a><\/span><\/span><\/li><li><span style=\"color: #585f67;\"><span style=\"caret-color: #585f67;\"><i>Quartet from the Portuguese<\/i> &#8211; pour quatuor \u00e0 cordes (2021)<\/span><\/span><\/li><li><span style=\"color: #585f67;\"><span style=\"caret-color: #585f67;\"><a href=\"http:\/\/haroldnoben.com\/wordpress\/music-list\/\"><i>American Wanders : One with Henry, One with Paul, One with Lenny<\/i> &#8211; pour octuor de violoncelles (2021)<\/a><\/span><\/span><\/li><li><span style=\"color: #585f67;\"><span style=\"caret-color: #585f67;\"><i>\u00c0 l&rsquo;extr\u00eame bord du monde<\/i> &#8211; op\u00e9ra en un acte pour mezzo soprano, t\u00e9nor et quatuor \u00e0 clavier (2020)<\/span><\/span><\/li><li><a href=\"http:\/\/haroldnoben.com\/wordpress\/wp-content\/uploads\/2025\/09\/Different-highways-v4.mp3\"><span style=\"color: #585f67;\"><span style=\"caret-color: #585f67;\"><i>Different Highways<\/i> &#8211; pour violon et alto (2020)<\/span><\/span><\/a><\/li><li><span style=\"color: #585f67;\"><span style=\"caret-color: #585f67;\"><i>Air du soldat de plomb<\/i> &#8211; pour tenor et piano (2019)<\/span><\/span><\/li><li><a href=\"http:\/\/haroldnoben.com\/wordpress\/podcast\/swirling-years\/\" target=\"_blank\" rel=\"noopener\"><i>Swirling Years<\/i> &#8211; pour orcherstre de chambre (fl-hb-cl-bn-f hn-tp-tb-perc-quatuor \u00e0 cordes-cb) &#8211; (2019)<\/a><\/li><li><i>White House 1921<\/i> &#8211; pour orchestre symphonique (2018)<\/li><li><span style=\"color: #585f67;\"><span style=\"caret-color: #585f67;\"><a href=\"http:\/\/haroldnoben.com\/wordpress\/podcast\/inner-flood\/\"><i>Inner flood<\/i> &#8211; pour orchestre de chambre (fl-hb-cl-bn-cor-perc-quatuor \u00e0 cordes-cb) &#8211; (2017)<\/a><\/span><\/span><\/li><li><span style=\"color: #585f67;\"><span style=\"caret-color: #585f67;\"><a href=\"http:\/\/haroldnoben.com\/wordpress\/music-list\/\"><i>Lunfardo<\/i> d&rsquo;A.Piazzolla &#8211; arrangement pour 12 violoncelles (2015)<\/a><\/span><\/span><\/li><li><span style=\"color: #585f67;\"><span style=\"caret-color: #585f67;\"><a href=\"http:\/\/haroldnoben.com\/wordpress\/music-list\/\"><i>Buenos Aires Hora Cero<\/i> d&rsquo;A.Piazzolla &#8211; arrangement pour 12 violoncelles (2015)<\/a><\/span><\/span><\/li><li><span style=\"color: #585f67;\"><span style=\"caret-color: #585f67;\"><a href=\"http:\/\/haroldnoben.com\/wordpress\/podcast\/something-is-coming\/\"><i>Something is coming<\/i> &#8211; pour orchestre de chambre \u00e0 cordes (2015)<\/a><\/span><\/span><\/li><li><span style=\"color: #585f67;\"><span style=\"caret-color: #585f67;\"><a href=\"http:\/\/haroldnoben.com\/wordpress\/podcast\/23h12\/\">23h12 : part I &amp; part II &#8211; pour 2 violons et piano (2015)<\/a><\/span><\/span><\/li><li><span style=\"color: #585f67;\"><span style=\"caret-color: #585f67;\"><a href=\"http:\/\/haroldnoben.com\/wordpress\/podcast\/amoureuse\/\"><i>Amoureuses<\/i> &#8211; court-m\u00e9trage de Catherine Cosme<\/a><\/span><\/span><\/li><li><span style=\"color: #585f67;\"><span style=\"caret-color: #585f67;\"><i>For\u00eat Noire<\/i> &#8211; court-m\u00e9trage de Martin Cosme<\/span><\/span><\/li><li><span style=\"color: #585f67;\"><span style=\"caret-color: #585f67;\"><i>Galler<\/i> &#8211; musiques sur le nom Galler<\/span><\/span><\/li><li><span style=\"color: #585f67;\"><span style=\"caret-color: #585f67;\"><a href=\"http:\/\/haroldnoben.com\/wordpress\/music-list\/\"><i>De la pointe au talon : Valse, Pavane et Tarentelle<\/i> &#8211; pour octuor de violoncelles (2011-2013)<\/a><\/span><\/span><\/li><li><span style=\"color: #585f67;\"><span style=\"caret-color: #585f67;\"><a href=\"http:\/\/haroldnoben.com\/wordpress\/podcast\/andre-renard-brabanconne\/\"><i>Andr\u00e9 Renard, trois moments d&rsquo;un parcours syndica<\/i>l &#8211; de J\u00e9r\u00f4me Laffont (2011)<\/a><\/span><\/span><\/li><li><span style=\"color: #585f67;\"><span style=\"caret-color: #585f67;\"><a href=\"http:\/\/haroldnoben.com\/wordpress\/podcast\/kampuchea-ouverture\/\"><i>Kampuchea<\/i> &#8211; documentaire de Chlo\u00e9 Th\u00f4me et Vincent Henkens (2010)<\/a><\/span><\/span><\/li><li><span style=\"color: #585f67;\"><span style=\"caret-color: #585f67;\"><i>Old letters&rsquo; memory : part I, part II, part III<\/i> &#8211; pour trio \u00e0 clavier<\/span><\/span><\/li><li><span style=\"color: #585f67;\"><span style=\"caret-color: #585f67;\"><i>Obsessions<\/i> &#8211; pour trio \u00e0 clavier<\/span><\/span><\/li><li><span style=\"color: #585f67;\"><span style=\"caret-color: #585f67;\"><a href=\"http:\/\/haroldnoben.com\/wordpress\/music-list\/\"><i>Courants sal\u00e9s<\/i> &#8211; pour trio \u00e0 clavier<\/a><\/span><\/span><\/li><li><span style=\"color: #585f67;\"><span style=\"caret-color: #585f67;\"><a href=\"http:\/\/haroldnoben.com\/wordpress\/music-list\/\"><i>L\u00e9gende marine<\/i> &#8211; pour trio \u00e0 clavier<\/a><\/span><\/span><\/li><li><a href=\"http:\/\/haroldnoben.com\/wordpress\/music-list\/\"><span style=\"color: #585f67;\"><span style=\"caret-color: #585f67;\"><i>Calligraphie<\/i><\/span><\/span><span style=\"caret-color: #585f67; color: #585f67;\">\u00a0&#8211; pour trio \u00e0 clavier<\/span><\/a><\/li><li><a href=\"http:\/\/haroldnoben.com\/wordpress\/music-list\/\"><span style=\"caret-color: #585f67; color: #585f67;\"><i>White bear<\/i><\/span><span style=\"caret-color: #585f67; color: #585f67;\">\u00a0&#8211; pour trio \u00e0 clavier<\/span><\/a><\/li><li><a href=\"http:\/\/haroldnoben.com\/wordpress\/music-list\/\"><span style=\"caret-color: #585f67; color: #585f67;\"><i>Like a prelude<\/i><\/span><span style=\"caret-color: #585f67; color: #585f67;\">\u00a0&#8211; pour trio \u00e0 clavier<\/span><\/a><\/li><li><a href=\"http:\/\/haroldnoben.com\/wordpress\/music-list\/\"><span style=\"caret-color: #585f67; color: #585f67;\"><i>Cr\u00e9puscule<\/i><\/span><span style=\"caret-color: #585f67; color: #585f67;\">\u00a0&#8211; pour trio \u00e0 clavier<\/span><\/a><\/li><li><a href=\"http:\/\/haroldnoben.com\/wordpress\/music-list\/\"><span style=\"caret-color: #585f67; color: #585f67;\"><i>Pont n\u00b07<\/i><\/span><span style=\"caret-color: #585f67; color: #585f67;\">\u00a0&#8211; pour trio \u00e0 clavier<\/span><\/a><\/li><\/ul>\t\t\t\t\t\t\t\t<\/div>\n\t\t\t\t<\/div>\n\t\t\t\t\t<\/div>\n\t\t<\/div>\n\t\t\t\t\t<\/div>\n\t\t<\/section>\n\t\t\t\t<section class=\"elementor-section elementor-inner-section elementor-element elementor-element-d40e16a elementor-section-boxed elementor-section-height-default elementor-section-height-default\" data-id=\"d40e16a\" data-element_type=\"section\" data-e-type=\"section\">\n\t\t\t\t\t\t<div class=\"elementor-container elementor-column-gap-default\">\n\t\t\t\t\t<div class=\"elementor-column elementor-col-100 elementor-inner-column elementor-element elementor-element-59191db\" data-id=\"59191db\" data-element_type=\"column\" data-e-type=\"column\">\n\t\t\t<div class=\"elementor-widget-wrap\">\n\t\t\t\t\t\t\t<\/div>\n\t\t<\/div>\n\t\t\t\t\t<\/div>\n\t\t<\/section>\n\t\t\t\t\t<\/div>\n\t\t<\/div>\n\t\t\t\t\t<\/div>\n\t\t<\/section>\n\t\t\t\t<\/div>\n\t\t","protected":false},"excerpt":{"rendered":"<p>Harold Noben Catalogue \u00a9Christophe Toffolo Catalogue Reflections &#8211;\u00a0pour soprano, violon, alto, violoncelle et piano sur des textes de Lisa Willems [&hellip;]<\/p>\n","protected":false},"author":2,"featured_media":0,"parent":0,"menu_order":7,"comment_status":"closed","ping_status":"closed","template":"","meta":{"footnotes":""},"class_list":["post-1767","page","type-page","status-publish","hentry"],"acf":[],"_links":{"self":[{"href":"http:\/\/haroldnoben.com\/wordpress\/wp-json\/wp\/v2\/pages\/1767","targetHints":{"allow":["GET"]}}],"collection":[{"href":"http:\/\/haroldnoben.com\/wordpress\/wp-json\/wp\/v2\/pages"}],"about":[{"href":"http:\/\/haroldnoben.com\/wordpress\/wp-json\/wp\/v2\/types\/page"}],"author":[{"embeddable":true,"href":"http:\/\/haroldnoben.com\/wordpress\/wp-json\/wp\/v2\/users\/2"}],"replies":[{"embeddable":true,"href":"http:\/\/haroldnoben.com\/wordpress\/wp-json\/wp\/v2\/comments?post=1767"}],"version-history":[{"count":54,"href":"http:\/\/haroldnoben.com\/wordpress\/wp-json\/wp\/v2\/pages\/1767\/revisions"}],"predecessor-version":[{"id":13464,"href":"http:\/\/haroldnoben.com\/wordpress\/wp-json\/wp\/v2\/pages\/1767\/revisions\/13464"}],"wp:attachment":[{"href":"http:\/\/haroldnoben.com\/wordpress\/wp-json\/wp\/v2\/media?parent=1767"}],"curies":[{"name":"wp","href":"https:\/\/api.w.org\/{rel}","templated":true}]}}